{"id":17,"date":"2026-03-11T04:15:58","date_gmt":"2026-03-11T04:15:58","guid":{"rendered":"https:\/\/thebloomingbag.com\/?page_id=17"},"modified":"2026-04-15T08:22:35","modified_gmt":"2026-04-15T08:22:35","slug":"home","status":"publish","type":"page","link":"https:\/\/thebloomingbag.com\/it\/","title":{"rendered":"Home"},"content":{"rendered":"<img decoding=\"async\" src=\"https:\/\/thebloomingbag.com\/wp-content\/uploads\/2026\/04\/Icon-1.png\" \/> Strategische Marketingberatung &amp; Fractional CMO f\u00fcr B2B Unternehmen<br \/>\n\n<h1  data-animation-delay=\"0\" data-animation-duration=\"1\">\n\t\t\tQuando il marketing cresce senza struttura, arrivo io. Dal caos alla chiarezza. Ogni volta.\t<\/h1>\n\t<p>Ich bin Francesca. Ich komme in Unternehmen, wenn Marketing Struktur braucht &#8211; analysiere, baue auf, \u00fcbergebe. Was bleibt, sind Systeme, die laufen. Und Zahlen, die das belegen.<\/p>\n<p>Ich unterst\u00fctze Unternehmen dabei, klare Marketingstrategien zu entwickeln, skalierbare Systeme aufzubauen und diese als Fractional Marketing Lead umzusetzen.<\/p>\n\t\t\t<a href=\"https:\/\/calendly.com\/hello-thebloomingbag\/30min\"  target=\"_self\">\n\t\t\t\t\t\t\tPrenota una call gratuita \u2192\n\t\t\t\t\t<\/a>\n<img decoding=\"async\" src=\"https:\/\/thebloomingbag.com\/wp-content\/uploads\/2026\/03\/mary-poppins.png\"\/>\n  <a href=\"https:\/\/thebloomingbag.com\/it\/leistungen\/\">\n<img decoding=\"async\" src=\"https:\/\/thebloomingbag.com\/wp-content\/uploads\/2026\/03\/Div-absolute-7.png\"\/>\n<\/a>\n  <a href=\"https:\/\/thebloomingbag.com\/it\/leistungen\/\">\n<img decoding=\"async\" src=\"https:\/\/thebloomingbag.com\/wp-content\/uploads\/2026\/03\/Div-absolute-6.png\"\/>\n<\/a>\n  <a href=\"https:\/\/thebloomingbag.com\/it\/leistungen\/\">\n<img decoding=\"async\" src=\"https:\/\/thebloomingbag.com\/wp-content\/uploads\/2026\/03\/Div-absolute-5.png\"\/>\n<\/a>\n  <a href=\"https:\/\/thebloomingbag.com\/it\/leistungen\/\">\n<img decoding=\"async\" src=\"https:\/\/thebloomingbag.com\/wp-content\/uploads\/2026\/03\/Div-absolute-4.png\"\/>\n<\/a>\n<a href=\"https:\/\/thebloomingbag.com\/it\/leistungen\/\">\n<img decoding=\"async\" src=\"https:\/\/thebloomingbag.com\/wp-content\/uploads\/2026\/03\/Div-absolute-3.png\"\/>\n<\/a>\n <a href=\"https:\/\/thebloomingbag.com\/it\/leistungen\/\">\n<img decoding=\"async\" src=\"https:\/\/thebloomingbag.com\/wp-content\/uploads\/2026\/03\/Div-absolute-2.png\"\/>\n<\/a>\n  <a href=\"https:\/\/thebloomingbag.com\/it\/leistungen\/\">\n<img decoding=\"async\" src=\"https:\/\/thebloomingbag.com\/wp-content\/uploads\/2026\/03\/Div-absolute-1.png\"\/>\n<\/a>\n  <a href=\"https:\/\/thebloomingbag.com\/it\/leistungen\/\">\n<img decoding=\"async\" src=\"https:\/\/thebloomingbag.com\/wp-content\/uploads\/2026\/03\/Div-absolute.png\"\/>\n<\/a>\n\t<p>Sie haben ein Produkt, das funktioniert. Ein Team, das w\u00e4chst. Und ein Marketing, das&#8230; irgendwie mitgewachsen ist.<\/p>\n<p>&nbsp;<\/p>\n<p>Nessuna strategia chiara. Tool che nessuno usa davvero. Campagne che partono perch\u00e9 \"bisogna fare qualcosa\".<\/p>\n<p>&nbsp;<\/p>\nNon \u00e8 un problema di marketing.<br \/>\n\u00c8 un problema di crescita veloce.\n<p>&nbsp;<\/p>\n<p><strong>Ed \u00e8 esattamente per questo che sono qui.<\/strong><\/p>\n<h2  data-animation-delay=\"\" data-animation-duration=\"1\">\n\t\t\tPorto struttura al marketing. In modo pragmatico, non teorico.\t<\/h2>\n\t<p>Sono Francesca, fondatrice di The Blooming Bag.<\/p>\n<p>Ich habe Marketing in gro\u00dfen, internationalen Unternehmen gelernt &#8211; dort, wo Prozesse funktionieren, weil sie aufgebaut wurden. In meinen letzten Positionen habe ich dann genau das gemacht, was mich wirklich interessiert: Marketingstrukturen in Unternehmen aufbauen, die noch keine hatten.<\/p>\n<p>Conosco entrambi i mondi. La creativit\u00e0 e il calore italiano. Il rigore e la struttura tedesca. E so esattamente come farli lavorare insieme.\n\nNelle mie ultime posizioni ho fatto una cosa specifica: entrare in aziende che non avevano ancora una struttura di marketing \u2014 e costruirla.<br><br>L'ho fatto come dipendente. Ora lo faccio in proprio.<\/p>\n<p><strong>Mit einer Tasche voller Erfahrung komme ich rein, r\u00e4ume auf &#8211; und hinterlasse Klarheit statt Chaos.<\/strong><\/p>\n<p>&nbsp;<\/p>\n<p>Als Marketingberater unterst\u00fctze ich Unternehmen dabei, ihre Strategie zu definieren, funktionierende Marketingstrukturen aufzubauen und diese effizient umzusetzen.<\/p>\n<p>Zudem arbeite ich als Fractional CMO f\u00fcr Unternehmen, die erfahrene Marketingf\u00fchrung ben\u00f6tigen, ohne eine Vollzeitstelle zu besetzen.<\/p>\n<h2  data-animation-delay=\"0\" data-animation-duration=\"1\">\n\t\t\tNiente promesse. Solo risultati.\t<\/h2>\n<h2>\n\t\t\t80% \u2192 50%\t<\/h2>\n\t<p>Maklerabh\u00e4ngigkeit bei der Lead-Generierung &#8211; innerhalb eines halben Jahres halbiert. Durch eine Strategie, die interne Kan\u00e4le aufgebaut und externe Kosten reduziert hat.<\/p>\n<h2>\n\t\t\t+41% Leads. +57% Vendite.\t<\/h2>\n\t<p>In cinque mesi. Il risultato di una strategia di marketing ripensata da zero.<\/p>\n<h2>\n\t\t\t3 mesi\t<\/h2>\n\t<p>Relaunch completo di un sito aziendale di oltre 2.000 pagine. Nuova struttura, nuovi testi, SEO ottimizzato. Nei tempi. Nel budget. Con un aumento misurabile di leads dopo il lancio.<\/p>\n<h2>\n\t\t\t1.000 \/ Giorno\t<\/h2>\n\t<p>Besucher am Messestand EXPO REAL &#8211; von 300-400 auf 1.000 pro Tag. Durch Konzept und Detailgenauigkeit.<\/p>\n\t\t\t<a href=\"https:\/\/thebloomingbag.com\/it\/was-steckt-in-der-blooming-bag\/\"  target=\"_self\">\n\t\t\t\t\t\t\tScopri cos'altro c'\u00e8 nella Blooming Bag \u279d\n\t\t\t\t\t<\/a>\n\t<p><img decoding=\"async\" src=\"https:\/\/thebloomingbag.com\/wp-content\/uploads\/2026\/04\/Icon-1.png\" \/> Aus der Praxis<\/p>\n<h2  data-animation-delay=\"0\" data-animation-duration=\"1\">\n\t\t\tDrei Projekte. Drei Ergebnisse.\t<\/h2>\n\t<p>Ein Einblick in die Arbeit &#8211; ohne Namen, aber mit echten Zahlen.<\/p>\n\t<p>Immobilien \u00b7 Lead-Generierung<\/p>\n<h3>\n\t\t\tVon 80 % Maklerabh\u00e4ngigkeit zu ausgeglichenen Lead-Quellen.\t<\/h3>\n\t<p>+22 %<\/p>\n\t<p>Rent-roll gesamt &#8211; in 6 Monaten<\/p>\n\t\t\t<a href=\"https:\/\/thebloomingbag.com\/it\/aus-der-praxis\/\"  target=\"_self\">\n\t\t\t\t\t\t\tMehr lesen \u279d\n\t\t\t\t\t<\/a>\n\t<p>Event \u00b7 Markenpr\u00e4senz<\/p>\n<h3>\n\t\t\tVon 400 auf 1.000 Besucher t\u00e4glich.\t<\/h3>\n\t<p>\u00d72,5<\/p>\n\t<p>Besucherzahl EXPO REAL 2024<\/p>\n\t\t\t<a href=\"https:\/\/thebloomingbag.com\/it\/aus-der-praxis\/\"  target=\"_self\">\n\t\t\t\t\t\t\tMehr lesen \u279d\n\t\t\t\t\t<\/a>\n\t<p>Strategie \u00b7 Multichannel<\/p>\n<h3>\n\t\t\tMarketingstrategie von Grund auf &#8211; in zwei M\u00e4rkten gleichzeitig.\t<\/h3>\n\t<p>2<\/p>\n\t<p>M\u00e4rkte. Gleichzeitig. Von null aufgebaut.<\/p>\n\t\t\t<a href=\"https:\/\/thebloomingbag.com\/it\/aus-der-praxis\/\"  target=\"_self\">\n\t\t\t\t\t\t\tMehr lesen \u279d\n\t\t\t\t\t<\/a>\n\t\t\t<a href=\"https:\/\/thebloomingbag.com\/it\/aus-der-praxis\/\"  target=\"_self\">\n\t\t\t\t\t\t\tAlle Projekte ansehen\n\t\t\t<\/a>\n<h2  data-animation-delay=\"0\" data-animation-duration=\"1\">\n\t\t\tCome possiamo lavorare insieme\t<\/h2>\n<p>VORHER:<\/p>\n&#8222;Wir machen irgendwie alles &#8211; LinkedIn, Newsletter, Ads &#8211; aber nichts bringt wirklich was.&#8220;\n\n<p>NACHHER:<\/p>\n<strong>Ein klarer Fokus. Drei Priorit\u00e4ten. Alles andere gestrichen.<\/strong>\n<h2>\n\t\t\tPi\u00fa chiarezza nel marketing\t<\/h2>\n\t<p>Analisi, strategia e priorit\u00e0 chiare. Per chi vuole finalmente capire dove sta il marketing della propria azienda.<\/p>\n\t\t\t<a href=\"https:\/\/thebloomingbag.com\/it\/leistungen\/#klarheit\"  target=\"_self\">\n\t\t\t\t\t\t\tScopri di pi\u00f9 \u2192\n\t\t\t\t\t<\/a>\n<p>VORHER:<\/p>\n&#8222;Das Marketing-Wissen steckt nur in meinem Kopf. Wenn ich weg bin, l\u00e4uft nichts.&#8220;\n\n<p>NACHHER:<\/p>\n<strong>Prozesse dokumentiert, Tools eingerichtet, Team eingearbeitet. L\u00e4uft.<\/strong>\n<h2>\n\t\t\tPi\u00fa struttura nel marketing\t<\/h2>\n\t<p>Processi, tool e sistemi che funzionano davvero. Per team che vogliono scalare il marketing.<\/p>\n\t\t\t<a href=\"https:\/\/thebloomingbag.com\/it\/leistungen\/#struktur\"  target=\"_self\">\n\t\t\t\t\t\t\tScopri di pi\u00f9 \u2192\n\t\t\t\t\t<\/a>\n<p>VORHER:<\/p>\n&#8222;Wir br\u00e4uchten eine Marketing-Leitung, aber nicht f\u00fcr immer &#8211; und auch nicht f\u00fcr 80.000 \u20ac&#8220;\n\n<p>NACHHER:<\/p>\n<strong>Ich \u00fcbernehme die strategische Verantwortung tempor\u00e4r. Bis euer Team es selbst kann.<\/strong>\n<h2>\n\t\t\tPi\u00fa supporto nel marketing\t<\/h2>\n\t<p>Interim oder Fractional Marketing &#8211; ich \u00fcbernehme tempor\u00e4r die strategische Verantwortung.<\/p>\n\t\t\t<a href=\"https:\/\/thebloomingbag.com\/it\/leistungen\/#begleitung\"  target=\"_self\">\n\t\t\t\t\t\t\tScopri di pi\u00f9 \u2192\n\t\t\t\t\t<\/a>\n\t\t\t<a href=\"https:\/\/thebloomingbag.com\/it\/leistungen\/\"  target=\"_self\">\n\t\t\t\t\t\t\tTutti i servizi nel dettaglio\n\t\t\t<\/a>\n<h2  data-animation-delay=\"0\" data-animation-duration=\"1\">\n\t\t\tChi sono in tre frasi\t<\/h2>\n\t<p>Sono una marketing strategist, non un'agenzia.<\/p>\n\t<p>Ich arbeite mit Foundern, die Struktur brauchen &#8211; nicht noch mehr Ideen.<\/p>\n\t<p>E me ne vado quando tutto funziona. Questo \u00e8 il piano.<\/p>\n\t\t\t<a href=\"http:\/\/thebloomingbag.com\/it\/ueber-mich\/\"  target=\"_self\">\n\t\t\t\t\t\t\tScopri di pi\u00f9 su di me\n\t\t\t<\/a>\n<figure itemscope itemtype=\"https:\/\/schema.org\/ImageObject\">\n\t\t\t\t<img decoding=\"async\" src=\"https:\/\/thebloomingbag.com\/wp-content\/uploads\/2026\/03\/francesca-de-sensi-2.jpg\" alt=\"Francesca De Sensi\" height=\"568\" width=\"568\" title=\"Francesca De Sensi\" onerror=\"this.style.display='none'\" loading=\"lazy\" \/>\n\t<\/figure>\n\t<br \/>\n<img decoding=\"async\" src=\"https:\/\/thebloomingbag.com\/wp-content\/uploads\/2026\/03\/map-icon.png\" alt=\"location\" \/>Locale e in tutta la Germania<br \/>\n\n<h2  data-animation-delay=\"0\" data-animation-duration=\"1\">\n\t\t\tDove opero\t<\/h2>\n\t<p>Ich arbeite mit Unternehmen in Stuttgart, Berlin und deutschlandweit &#8211; remote wie vor Ort.<\/p>\n\t<p>Consulenza Marketing Germania\u00b7 Consulente marketing italiano in Germania \u00b7 Fractional marketing per aziende italiane<\/p>\n<h2  data-animation-delay=\"0\" data-animation-duration=\"1\">\n\t\t\tAppunti dalla Blooming Bag\t<\/h2>\n\t<p>STRUKTUR<\/p>\n<h3>\n\t\t\tWarum Ihr Marketing nicht funktioniert &#8211; obwohl Sie alles richtig machen\t<\/h3>\n\t<p>Nicht die falsche Taktik. Fehlende Struktur. Was dahintersteckt &#8211; und wie man es \u00e4ndert.<\/p>\n\t\t\t<a href=\"https:\/\/thebloomingbag.com\/it\/blog\/\"  target=\"_self\">\n\t\t\t\t\t\t\tScopri di pi\u00f9 \u2192\n\t\t\t\t\t<\/a>\n\t<p>STRATEGIE<\/p>\n<h3>\n\t\t\tQuando un'azienda ha bisogno di un Interim Marketing Manager?\t<\/h3>\n\t<p>Interim Marketing Manager &#8211; wann macht das wirklich Sinn? Ich erkl\u00e4re, welche Situationen daf\u00fcr sprechen, was es kostet und worauf Sie achten sollten.<\/p>\n\t\t\t<a href=\"https:\/\/thebloomingbag.com\/it\/interim-marketing-manager\/\"  target=\"_self\">\n\t\t\t\t\t\t\tScopri di pi\u00f9 \u2192\n\t\t\t\t\t<\/a>\n\t\t\t<a href=\"https:\/\/thebloomingbag.com\/it\/blog\/\"  target=\"_self\">\n\t\t\t\t\t\t\tMehr Einblicke \u279d\n\t\t\t\t\t<\/a>\n<h2  data-animation-delay=\"0\" data-animation-duration=\"1\">\n\t\t\tIch bin nicht die Richtige, wenn Sie&#8230;\t<\/h2>\n\t<p>&#8211; eine Agentur suchen, die laufend Content produziert<\/p>\n<p>&#8211; noch kein funktionierendes Produkt oder Angebot haben<\/p>\n<p>&#8211; kurzfristig \u201emal schnell was posten&#8220; wollen<\/p>\n<p>&#8211; nicht bereit sind, intern Verantwortung zu \u00fcbernehmen<\/p>\n\t<p>Wenn Sie das gelesen haben und trotzdem &#8211; oder gerade deswegen &#8211; neugierig sind: Dann reden wir.<\/p>\n\t\t\t<a href=\"https:\/\/calendly.com\/hello-thebloomingbag\/30min\"  target=\"_self\">\n\t\t\t\t\t\t\tPrenota una call gratuita \u2192\n\t\t\t\t\t<\/a>\n<h2  data-animation-delay=\"0\" data-animation-duration=\"1\">\n\t\t\tPronti a strutturare il vostro marketing?\t<\/h2>\n\t<p>30 minuti bastano spesso per capire dov'\u00e9 il problema!<\/p>\n\t\t\t<a href=\"https:\/\/calendly.com\/hello-thebloomingbag\/30min\"  target=\"_self\">\n\t\t\t\t\t\t\tPrenota una call gratuita \u2192\n\t\t\t\t\t<\/a>","protected":false},"excerpt":{"rendered":"<p>Strategische Marketingberatung &amp; Fractional CMO f\u00fcr B2B Unternehmen Marketingstrukturen aufbauen, die funktionieren. Auch wenn ich l\u00e4ngst wieder weg bin. Ich bin Francesca. Ich komme in Unternehmen, wenn Marketing Struktur braucht &#8211; analysiere, baue auf, \u00fcbergebe. Was bleibt, sind Systeme, die laufen. Und Zahlen, die das belegen. Ich unterst\u00fctze Unternehmen dabei, klare Marketingstrategien zu entwickeln, skalierbare&hellip;<\/p>","protected":false},"author":2,"featured_media":0,"parent":0,"menu_order":0,"comment_status":"closed","ping_status":"closed","template":"","meta":{"footnotes":""},"class_list":["post-17","page","type-page","status-publish","hentry"],"yoast_head":"<!-- This site is optimized with the Yoast SEO plugin v27.2 - https:\/\/yoast.com\/product\/yoast-seo-wordpress\/ -->\n<title>Marketing Beratung Stuttgart | Fractional CMO | The Blooming Bag<\/title>\n<meta name=\"description\" content=\"Strategische Marketing Beratung f\u00fcr Startups und wachsende Unternehmen. Struktur, Klarheit und Prozesse \u2013 von Stuttgart und Berlin aus, deutschlandweit.\" \/>\n<meta name=\"robots\" content=\"index, follow, max-snippet:-1, max-image-preview:large, max-video-preview:-1\" \/>\n<link rel=\"canonical\" href=\"https:\/\/thebloomingbag.com\/it\/\" \/>\n<meta property=\"og:locale\" content=\"it_IT\" \/>\n<meta property=\"og:type\" content=\"article\" \/>\n<meta property=\"og:title\" content=\"Marketing Beratung Stuttgart | Fractional CMO | The Blooming Bag\" \/>\n<meta property=\"og:description\" content=\"Strategische Marketing Beratung f\u00fcr Startups und wachsende Unternehmen. Struktur, Klarheit und Prozesse \u2013 von Stuttgart und Berlin aus, deutschlandweit.\" \/>\n<meta property=\"og:url\" content=\"https:\/\/thebloomingbag.com\/it\/\" \/>\n<meta property=\"og:site_name\" content=\"The Blooming Bag\" \/>\n<meta property=\"article:modified_time\" content=\"2026-04-15T08:22:35+00:00\" \/>\n<meta property=\"og:image\" content=\"https:\/\/thebloomingbag.com\/wp-content\/uploads\/2026\/04\/Icon-1.png\" \/>\n<meta name=\"twitter:card\" content=\"summary_large_image\" \/>\n<meta name=\"twitter:label1\" content=\"Tempo di lettura stimato\" \/>\n\t<meta name=\"twitter:data1\" content=\"6 minuti\" \/>\n<script type=\"application\/ld+json\" class=\"yoast-schema-graph\">{\"@context\":\"https:\/\/schema.org\",\"@graph\":[{\"@type\":\"WebPage\",\"@id\":\"https:\/\/thebloomingbag.com\/\",\"url\":\"https:\/\/thebloomingbag.com\/\",\"name\":\"Marketing Beratung Stuttgart | Fractional CMO | The Blooming Bag\",\"isPartOf\":{\"@id\":\"https:\/\/thebloomingbag.com\/#website\"},\"primaryImageOfPage\":{\"@id\":\"https:\/\/thebloomingbag.com\/#primaryimage\"},\"image\":{\"@id\":\"https:\/\/thebloomingbag.com\/#primaryimage\"},\"thumbnailUrl\":\"https:\/\/thebloomingbag.com\/wp-content\/uploads\/2026\/04\/Icon-1.png\",\"datePublished\":\"2026-03-11T04:15:58+00:00\",\"dateModified\":\"2026-04-15T08:22:35+00:00\",\"description\":\"Strategische Marketing Beratung f\u00fcr Startups und wachsende Unternehmen. Struktur, Klarheit und Prozesse \u2013 von Stuttgart und Berlin aus, deutschlandweit.\",\"breadcrumb\":{\"@id\":\"https:\/\/thebloomingbag.com\/#breadcrumb\"},\"inLanguage\":\"it-IT\",\"potentialAction\":[{\"@type\":\"ReadAction\",\"target\":[\"https:\/\/thebloomingbag.com\/\"]}]},{\"@type\":\"ImageObject\",\"inLanguage\":\"it-IT\",\"@id\":\"https:\/\/thebloomingbag.com\/#primaryimage\",\"url\":\"https:\/\/thebloomingbag.com\/wp-content\/uploads\/2026\/04\/Icon-1.png\",\"contentUrl\":\"https:\/\/thebloomingbag.com\/wp-content\/uploads\/2026\/04\/Icon-1.png\"},{\"@type\":\"BreadcrumbList\",\"@id\":\"https:\/\/thebloomingbag.com\/#breadcrumb\",\"itemListElement\":[{\"@type\":\"ListItem\",\"position\":1,\"name\":\"Home\",\"item\":\"https:\/\/thebloomingbag.com\/\"},{\"@type\":\"ListItem\",\"position\":2,\"name\":\"Home\"}]},{\"@type\":\"WebSite\",\"@id\":\"https:\/\/thebloomingbag.com\/#website\",\"url\":\"https:\/\/thebloomingbag.com\/\",\"name\":\"The Blooming Bag\",\"description\":\"Deine tailored-made Marketing Agentur\",\"potentialAction\":[{\"@type\":\"SearchAction\",\"target\":{\"@type\":\"EntryPoint\",\"urlTemplate\":\"https:\/\/thebloomingbag.com\/?s={search_term_string}\"},\"query-input\":{\"@type\":\"PropertyValueSpecification\",\"valueRequired\":true,\"valueName\":\"search_term_string\"}}],\"inLanguage\":\"it-IT\"}]}<\/script>\n<!-- \/ Yoast SEO plugin. -->","yoast_head_json":{"title":"Marketing Beratung Stuttgart | Fractional CMO | The Blooming Bag","description":"Strategische Marketing Beratung f\u00fcr Startups und wachsende Unternehmen. Struktur, Klarheit und Prozesse \u2013 von Stuttgart und Berlin aus, deutschlandweit.","robots":{"index":"index","follow":"follow","max-snippet":"max-snippet:-1","max-image-preview":"max-image-preview:large","max-video-preview":"max-video-preview:-1"},"canonical":"https:\/\/thebloomingbag.com\/it\/","og_locale":"it_IT","og_type":"article","og_title":"Marketing Beratung Stuttgart | Fractional CMO | The Blooming Bag","og_description":"Strategische Marketing Beratung f\u00fcr Startups und wachsende Unternehmen. Struktur, Klarheit und Prozesse \u2013 von Stuttgart und Berlin aus, deutschlandweit.","og_url":"https:\/\/thebloomingbag.com\/it\/","og_site_name":"The Blooming Bag","article_modified_time":"2026-04-15T08:22:35+00:00","og_image":[{"url":"https:\/\/thebloomingbag.com\/wp-content\/uploads\/2026\/04\/Icon-1.png","type":"","width":"","height":""}],"twitter_card":"summary_large_image","twitter_misc":{"Tempo di lettura stimato":"6 minuti"},"schema":{"@context":"https:\/\/schema.org","@graph":[{"@type":"WebPage","@id":"https:\/\/thebloomingbag.com\/","url":"https:\/\/thebloomingbag.com\/","name":"Marketing Beratung Stuttgart | Fractional CMO | The Blooming Bag","isPartOf":{"@id":"https:\/\/thebloomingbag.com\/#website"},"primaryImageOfPage":{"@id":"https:\/\/thebloomingbag.com\/#primaryimage"},"image":{"@id":"https:\/\/thebloomingbag.com\/#primaryimage"},"thumbnailUrl":"https:\/\/thebloomingbag.com\/wp-content\/uploads\/2026\/04\/Icon-1.png","datePublished":"2026-03-11T04:15:58+00:00","dateModified":"2026-04-15T08:22:35+00:00","description":"Strategische Marketing Beratung f\u00fcr Startups und wachsende Unternehmen. Struktur, Klarheit und Prozesse \u2013 von Stuttgart und Berlin aus, deutschlandweit.","breadcrumb":{"@id":"https:\/\/thebloomingbag.com\/#breadcrumb"},"inLanguage":"it-IT","potentialAction":[{"@type":"ReadAction","target":["https:\/\/thebloomingbag.com\/"]}]},{"@type":"ImageObject","inLanguage":"it-IT","@id":"https:\/\/thebloomingbag.com\/#primaryimage","url":"https:\/\/thebloomingbag.com\/wp-content\/uploads\/2026\/04\/Icon-1.png","contentUrl":"https:\/\/thebloomingbag.com\/wp-content\/uploads\/2026\/04\/Icon-1.png"},{"@type":"BreadcrumbList","@id":"https:\/\/thebloomingbag.com\/#breadcrumb","itemListElement":[{"@type":"ListItem","position":1,"name":"Home","item":"https:\/\/thebloomingbag.com\/"},{"@type":"ListItem","position":2,"name":"Home"}]},{"@type":"WebSite","@id":"https:\/\/thebloomingbag.com\/#website","url":"https:\/\/thebloomingbag.com\/","name":"La Borsa Fiorita","description":"La Tua Agenzia di Marketing Su Misura","potentialAction":[{"@type":"SearchAction","target":{"@type":"EntryPoint","urlTemplate":"https:\/\/thebloomingbag.com\/?s={search_term_string}"},"query-input":{"@type":"PropertyValueSpecification","valueRequired":true,"valueName":"search_term_string"}}],"inLanguage":"it-IT"}]}},"_links":{"self":[{"href":"https:\/\/thebloomingbag.com\/it\/wp-json\/wp\/v2\/pages\/17","targetHints":{"allow":["GET"]}}],"collection":[{"href":"https:\/\/thebloomingbag.com\/it\/wp-json\/wp\/v2\/pages"}],"about":[{"href":"https:\/\/thebloomingbag.com\/it\/wp-json\/wp\/v2\/types\/page"}],"author":[{"embeddable":true,"href":"https:\/\/thebloomingbag.com\/it\/wp-json\/wp\/v2\/users\/2"}],"replies":[{"embeddable":true,"href":"https:\/\/thebloomingbag.com\/it\/wp-json\/wp\/v2\/comments?post=17"}],"version-history":[{"count":11,"href":"https:\/\/thebloomingbag.com\/it\/wp-json\/wp\/v2\/pages\/17\/revisions"}],"predecessor-version":[{"id":784,"href":"https:\/\/thebloomingbag.com\/it\/wp-json\/wp\/v2\/pages\/17\/revisions\/784"}],"wp:attachment":[{"href":"https:\/\/thebloomingbag.com\/it\/wp-json\/wp\/v2\/media?parent=17"}],"curies":[{"name":"wp","href":"https:\/\/api.w.org\/{rel}","templated":true}]}}